{"id":4036,"date":"2025-07-30T07:42:22","date_gmt":"2025-07-30T07:42:22","guid":{"rendered":"https:\/\/time.lisam.com\/cookiebeleid-van-lisam-time\/"},"modified":"2025-09-10T14:23:51","modified_gmt":"2025-09-10T14:23:51","slug":"cookiebeleid-van-lisam-time","status":"publish","type":"page","link":"https:\/\/time.lisam.com\/nl\/cookiebeleid-van-lisam-time\/","title":{"rendered":"Cookiebeleid van Lisam Time"},"content":{"rendered":"\t\t<div data-elementor-type=\"wp-page\" data-elementor-id=\"4036\" class=\"elementor elementor-4036 elementor-2639\" data-elementor-post-type=\"page\">\n\t\t\t\t<div class=\"elementor-element elementor-element-377970bb e-flex e-con-boxed e-con e-parent\" data-id=\"377970bb\" data-element_type=\"container\">\n\t\t\t\t\t<div class=\"e-con-inner\">\n\t\t\t\t<div class=\"elementor-element elementor-element-5767b31 elementor-widget elementor-widget-heading\" data-id=\"5767b31\" data-element_type=\"widget\" data-widget_type=\"heading.default\">\n\t\t\t\t<div class=\"elementor-widget-container\">\n\t\t\t\t\t<h2 class=\"elementor-heading-title elementor-size-default\">Cookiebeleid van Lisam Time<\/h2>\t\t\t\t<\/div>\n\t\t\t\t<\/div>\n\t\t\t\t<div class=\"elementor-element elementor-element-1c85f66d elementor-widget elementor-widget-text-editor\" data-id=\"1c85f66d\" data-element_type=\"widget\" data-widget_type=\"text-editor.default\">\n\t\t\t\t<div class=\"elementor-widget-container\">\n\t\t\t\t\t\t\t\t\t<p>Een cookie is een stukje softwarecode dat een website naar uw browser stuurt wanneer u informatie op die website bezoekt. Een cookie wordt in de vorm van een eenvoudig tekstbestand op uw computer of mobiele apparaat opgeslagen door de server van een website, en alleen die server kan de inhoud van dat cookie ophalen of lezen. Cookies stellen u in staat effici\u00ebnt tussen pagina\u2019s te navigeren omdat ze uw voorkeuren opslaan en over het algemeen uw ervaring met een website verbeteren.  <\/p><p><b>time.lisam.com<\/b> gebruikt de volgende soorten cookies om uw ervaring en interactiviteit te verbeteren:<\/p><h5 class=\"wp-block-heading\">Analysecookies om anoniem uw computer of mobiele apparaat te onthouden wanneer u onze website bezoekt, zodat de browsegewoonten kunnen worden bijgehouden.<\/h5><p><strong>1- Google _ga<\/strong> : Ce cookie est associ\u00e9 \u00e0 Google Universal Analytics \u2013 qui est une mise \u00e0 jour importante du service d\u2019analyse de Google le plus couramment utilis\u00e9. Ce cookie est utilis\u00e9 pour distinguer les utilisateurs uniques en attribuant un num\u00e9ro g\u00e9n\u00e9r\u00e9 de mani\u00e8re al\u00e9atoire comme identifiant client. Il est inclus dans chaque requ\u00eate de page d\u2019un site et utilis\u00e9 pour calculer les donn\u00e9es relatives aux visiteurs, aux sessions et aux campagnes pour les rapports d\u2019analyse du site. Par d\u00e9faut, il expire au bout de deux ans, mais les propri\u00e9taires de sites Internet peuvent personnaliser cette dur\u00e9e.   <\/p><ul class=\"wp-block-list\"><li>\u00ab domain \u00bb: \u00ab time.lisam.com \u00bb<\/li><li>\u00ab name \u00bb: \u00ab _ga \u00bb<\/li><li>\u00ab path \u00bb: \u00ab \/ \u00bb<\/li><li>\u00ab session \u00bb: false<\/li><li>\u00ab value \u00bb: \u00ab GA1.2.415278684.15761XXXXX \u00bb<\/li><\/ul><p><strong>2- Google _gat : <\/strong>Deze cookienaam is gekoppeld aan Google Universal Analytics en wordt volgens de documentatie gebruikt om het aantal verzoeken te beperken \u2013 waardoor de gegevensverzameling op drukbezochte sites wordt beperkt. De cookie verloopt na 1 dag.<br> <br> <\/p><ul class=\"wp-block-list\"><li>\u00ab domain \u00bb: \u00ab time.lisam.com \u00bb,<\/li><li>\u00ab name \u00bb: \u00ab _gat_UA-176XXXXX-1 \u00bb,<\/li><li>\u00ab path \u00bb: \u00ab \/ \u00bb,<\/li><li>\u00ab session \u00bb: false,<\/li><li>\u00ab value \u00bb: \u00ab 1 \u00bb<\/li><\/ul><p><strong>3- Google _gid :<\/strong> Deze cookienaam is gekoppeld aan Google Universal Analytics. Het lijkt een nieuwe cookie te zijn en in het voorjaar van 2017 was er geen informatie beschikbaar bij Google. Het lijkt een unieke waarde op te slaan en bij te werken voor elke bezochte pagina. De cookie is ingesteld om na 1 dag te verlopen.   <\/p><ul class=\"wp-block-list\"><li>\u00ab domain \u00bb: \u00ab time.lisam.com \u00bb,<\/li><li>\u00ab name \u00bb: \u00ab _gid \u00bb,<\/li><li>\u00ab path \u00bb: \u00ab \/ \u00bb,<\/li><li>\u00ab session \u00bb: false,<\/li><li>\u00ab value \u00bb: \u00ab GA1.2.505303493.15761XXXXX \u00bb<\/li><\/ul><p><strong>4- Kameleoon-cookie:<\/strong><\/p><ul class=\"wp-block-list\"><li>\u00ab domain \u00bb: \u00ab time.lisam.com \u00bb,<\/li><li>\u00ab name \u00bb: \u00ab kameleoonVisitorCode \u00bb,<\/li><li>\u00ab path \u00bb: \u00ab \/ \u00bb,<\/li><li>\u00ab session \u00bb: false,<\/li><li>\u00ab value \u00bb: \u00ab _js_vzoizotq4gwxxxxx \u00bb<\/li><\/ul><h5 class=\"wp-block-heading\">Servicecookies<\/h5><p>Servicecookies helpen ons om onze website effici\u00ebnt te laten werken door uw registratie- en inloggegevens, uw instellingenvoorkeuren op te slaan en bij te houden welke pagina\u2019s u heeft bezocht.<\/p><h5 class=\"wp-block-heading\">Niet-persistente cookies, ook wel sessiecookies genoemd.<\/h5><p>Sessiecookies worden gebruikt voor technische doeleinden om een soepele navigatie te garanderen. Ze verzamelen geen persoonlijke informatie over gebruikers en worden verwijderd zodra u onze website verlaat. Deze cookies slaan geen gegevens permanent op en worden niet op de harde schijf van uw computer opgeslagen. Cookies worden in het geheugen opgeslagen en zijn alleen beschikbaar tijdens een actieve browsersessie. Zodra u uw browser sluit, verdwijnt de cookie.    <\/p><p><strong>5- Verzoek om verificatiecode<\/strong><\/p><ul class=\"wp-block-list\"><li>\u00ab domain \u00bb: \u00ab time.lisam.com \u00bb<\/li><li>\u00ab name \u00bb: \u00ab __RequestVerificationToken \u00bb<\/li><li>\u00ab path \u00bb: \u00ab \/ \u00bb<\/li><li>\u00ab session \u00bb: true<\/li><li>\u00ab value \u00bb: \u00ab q9YbgzfIOXXXXXXXXXX6yJ2Q9n1YyHcDl0SjGKtlXXXXXXXXXXXXJjglVrZy-kvT-d5PiJalDWPW0eUAhDMfofCXXXXXXXXXXXXX \u00bb,<\/li><\/ul><p><strong>6- AspNet-applicatiecookie<\/strong><\/p><ul class=\"wp-block-list\"><li>\u00ab domain \u00bb: \u00ab time.lisam.com \u00bb<\/li><li>\u00ab name \u00bb: \u00ab .AspNet.ApplicationCookie \u00bb<\/li><li>\u00ab path \u00bb: \u00ab \/ \u00bb<\/li><li>\u00ab session \u00bb: true<\/li><li>\u00ab value \u00bb: \u00ab XXXXXXXXXXXXXXXXXXXXXXXXXXXXXXXXXXXXXXCqthKrgYZuAPw6VqjRFp0WvKKvWWnBjD_D3b3JspBGf3RyROcWEUqphQEWhiCaDjwV0aofgY6Rxaj8fJQM6oC2Ga4Wf8W7wrjkZezEbPv4K8uRBLwMD0SFA8DYD3gTohdQmUJGcOeYeGaxChmUFZ7dyqDdAsbSuJ-6S1uTzrs3GtmRkr-z2Kf0nKpcjBbkvmPzbGJubRbkbJXXXXXXXXXXXXXXXXXXXXXXXXXXXXXXXXXXXXXXXXEsCr67E9dTAgMffePUA2DmTQMu28Y2RDnZX1o5i0vsQLDqbK5oJTMLubyGK6cXgtHZjbfT8uJiJPWF9aN3HLqnDSN-ZYhEIMmZaix9xJRvLDxEPqDJlP3aCwiswhUzktEcWbsyju7JLTPZqbuO7t169omsvoZIP9AhRdbXXXXXXXXXXXXXXXXXXXXXXXXXXXXXXXXXXXXXXXXXXXXX5jrJOBod9QMIb91slii8OdCl_T43ioRyMwHKXehsYP5slb5MhD72n5LpSljow7 \u00bb<\/li><\/ul><p><strong>7- ASP.NET-sessie-ID<\/strong><\/p><ul class=\"wp-block-list\"><li>\u00ab domain \u00bb: \u00ab time.lisam.com \u00bb<\/li><li>\u00ab name \u00bb: \u00ab ASP.NET_SessionId \u00bb<\/li><li>\u00ab path \u00bb: \u00ab \/ \u00bb<\/li><li>\u00ab session \u00bb: true<\/li><li>\u00ab value \u00bb: \u00ab iratmezoxxxxxxxxxxc4hlxx \u00bb<\/li><\/ul><p><strong>Veuillez noter que lorsque vous vous rendez sur www.lisam.com, vous devez accepter les cookies.<\/strong><\/p><p><strong>8- Status van cookie-toestemming<\/strong><\/p><ul class=\"wp-block-list\"><li>\u00ab domain \u00bb: \u00ab time.lisam.com \u00bb<\/li><li>\u00ab name \u00bb: \u00ab cookieconsent_status \u00bb<\/li><li>\u00ab path \u00bb: \u00ab \/ \u00bb<\/li><li>\u00ab session \u00bb: false<\/li><li>\u00ab value \u00bb: \u00ab dismiss \u00bb<\/li><\/ul>\t\t\t\t\t\t\t\t<\/div>\n\t\t\t\t<\/div>\n\t\t\t\t\t<\/div>\n\t\t\t\t<\/div>\n\t\t\t\t<\/div>\n\t\t","protected":false},"excerpt":{"rendered":"<p>Cookiebeleid van Lisam Time Een cookie is een stukje softwarecode dat een website naar uw browser stuurt wanneer u informatie op die website bezoekt. Een cookie wordt in de vorm van een eenvoudig tekstbestand op uw computer of mobiele apparaat opgeslagen door de server van een website, en alleen die server kan de inhoud van [&hellip;]<\/p>\n","protected":false},"author":1,"featured_media":0,"parent":0,"menu_order":0,"comment_status":"closed","ping_status":"closed","template":"","meta":{"footnotes":""},"class_list":["post-4036","page","type-page","status-publish","hentry"],"yoast_head":"<!-- This site is optimized with the Yoast SEO plugin v26.8 - https:\/\/yoast.com\/product\/yoast-seo-wordpress\/ -->\n<title>Cookiebeleid van Lisam Time - Lisam Time<\/title>\n<meta name=\"robots\" content=\"index, follow, max-snippet:-1, max-image-preview:large, max-video-preview:-1\" \/>\n<link rel=\"canonical\" href=\"https:\/\/time.lisam.com\/nl\/cookiebeleid-van-lisam-time\/\" \/>\n<meta property=\"og:locale\" content=\"nl_NL\" \/>\n<meta property=\"og:type\" content=\"article\" \/>\n<meta property=\"og:title\" content=\"Cookiebeleid van Lisam Time - Lisam Time\" \/>\n<meta property=\"og:description\" content=\"Cookiebeleid van Lisam Time Een cookie is een stukje softwarecode dat een website naar uw browser stuurt wanneer u informatie op die website bezoekt. Een cookie wordt in de vorm van een eenvoudig tekstbestand op uw computer of mobiele apparaat opgeslagen door de server van een website, en alleen die server kan de inhoud van [&hellip;]\" \/>\n<meta property=\"og:url\" content=\"https:\/\/time.lisam.com\/nl\/cookiebeleid-van-lisam-time\/\" \/>\n<meta property=\"og:site_name\" content=\"Lisam Time\" \/>\n<meta property=\"article:modified_time\" content=\"2025-09-10T14:23:51+00:00\" \/>\n<meta name=\"twitter:card\" content=\"summary_large_image\" \/>\n<meta name=\"twitter:label1\" content=\"Geschatte leestijd\" \/>\n\t<meta name=\"twitter:data1\" content=\"3 minuten\" \/>\n<script type=\"application\/ld+json\" class=\"yoast-schema-graph\">{\"@context\":\"https:\/\/schema.org\",\"@graph\":[{\"@type\":\"WebPage\",\"@id\":\"https:\/\/time.lisam.com\/nl\/cookiebeleid-van-lisam-time\/\",\"url\":\"https:\/\/time.lisam.com\/nl\/cookiebeleid-van-lisam-time\/\",\"name\":\"Cookiebeleid van Lisam Time - Lisam Time\",\"isPartOf\":{\"@id\":\"https:\/\/time.lisam.com\/nl\/#website\"},\"datePublished\":\"2025-07-30T07:42:22+00:00\",\"dateModified\":\"2025-09-10T14:23:51+00:00\",\"breadcrumb\":{\"@id\":\"https:\/\/time.lisam.com\/nl\/cookiebeleid-van-lisam-time\/#breadcrumb\"},\"inLanguage\":\"nl-NL\",\"potentialAction\":[{\"@type\":\"ReadAction\",\"target\":[\"https:\/\/time.lisam.com\/nl\/cookiebeleid-van-lisam-time\/\"]}]},{\"@type\":\"BreadcrumbList\",\"@id\":\"https:\/\/time.lisam.com\/nl\/cookiebeleid-van-lisam-time\/#breadcrumb\",\"itemListElement\":[{\"@type\":\"ListItem\",\"position\":1,\"name\":\"Accueil\",\"item\":\"https:\/\/time.lisam.com\/nl\/\"},{\"@type\":\"ListItem\",\"position\":2,\"name\":\"Cookiebeleid van Lisam Time\"}]},{\"@type\":\"WebSite\",\"@id\":\"https:\/\/time.lisam.com\/nl\/#website\",\"url\":\"https:\/\/time.lisam.com\/nl\/\",\"name\":\"Lisam Time\",\"description\":\"\",\"publisher\":{\"@id\":\"https:\/\/time.lisam.com\/nl\/#organization\"},\"potentialAction\":[{\"@type\":\"SearchAction\",\"target\":{\"@type\":\"EntryPoint\",\"urlTemplate\":\"https:\/\/time.lisam.com\/nl\/?s={search_term_string}\"},\"query-input\":{\"@type\":\"PropertyValueSpecification\",\"valueRequired\":true,\"valueName\":\"search_term_string\"}}],\"inLanguage\":\"nl-NL\"},{\"@type\":\"Organization\",\"@id\":\"https:\/\/time.lisam.com\/nl\/#organization\",\"name\":\"Lisam One\",\"url\":\"https:\/\/time.lisam.com\/nl\/\",\"logo\":{\"@type\":\"ImageObject\",\"inLanguage\":\"nl-NL\",\"@id\":\"https:\/\/time.lisam.com\/nl\/#\/schema\/logo\/image\/\",\"url\":\"https:\/\/time.lisam.com\/wp-content\/uploads\/2025\/07\/Lisam-TIme-Logo-Website.png\",\"contentUrl\":\"https:\/\/time.lisam.com\/wp-content\/uploads\/2025\/07\/Lisam-TIme-Logo-Website.png\",\"width\":1979,\"height\":421,\"caption\":\"Lisam One\"},\"image\":{\"@id\":\"https:\/\/time.lisam.com\/nl\/#\/schema\/logo\/image\/\"}}]}<\/script>\n<!-- \/ Yoast SEO plugin. -->","yoast_head_json":{"title":"Cookiebeleid van Lisam Time - Lisam Time","robots":{"index":"index","follow":"follow","max-snippet":"max-snippet:-1","max-image-preview":"max-image-preview:large","max-video-preview":"max-video-preview:-1"},"canonical":"https:\/\/time.lisam.com\/nl\/cookiebeleid-van-lisam-time\/","og_locale":"nl_NL","og_type":"article","og_title":"Cookiebeleid van Lisam Time - Lisam Time","og_description":"Cookiebeleid van Lisam Time Een cookie is een stukje softwarecode dat een website naar uw browser stuurt wanneer u informatie op die website bezoekt. Een cookie wordt in de vorm van een eenvoudig tekstbestand op uw computer of mobiele apparaat opgeslagen door de server van een website, en alleen die server kan de inhoud van [&hellip;]","og_url":"https:\/\/time.lisam.com\/nl\/cookiebeleid-van-lisam-time\/","og_site_name":"Lisam Time","article_modified_time":"2025-09-10T14:23:51+00:00","twitter_card":"summary_large_image","twitter_misc":{"Geschatte leestijd":"3 minuten"},"schema":{"@context":"https:\/\/schema.org","@graph":[{"@type":"WebPage","@id":"https:\/\/time.lisam.com\/nl\/cookiebeleid-van-lisam-time\/","url":"https:\/\/time.lisam.com\/nl\/cookiebeleid-van-lisam-time\/","name":"Cookiebeleid van Lisam Time - Lisam Time","isPartOf":{"@id":"https:\/\/time.lisam.com\/nl\/#website"},"datePublished":"2025-07-30T07:42:22+00:00","dateModified":"2025-09-10T14:23:51+00:00","breadcrumb":{"@id":"https:\/\/time.lisam.com\/nl\/cookiebeleid-van-lisam-time\/#breadcrumb"},"inLanguage":"nl-NL","potentialAction":[{"@type":"ReadAction","target":["https:\/\/time.lisam.com\/nl\/cookiebeleid-van-lisam-time\/"]}]},{"@type":"BreadcrumbList","@id":"https:\/\/time.lisam.com\/nl\/cookiebeleid-van-lisam-time\/#breadcrumb","itemListElement":[{"@type":"ListItem","position":1,"name":"Accueil","item":"https:\/\/time.lisam.com\/nl\/"},{"@type":"ListItem","position":2,"name":"Cookiebeleid van Lisam Time"}]},{"@type":"WebSite","@id":"https:\/\/time.lisam.com\/nl\/#website","url":"https:\/\/time.lisam.com\/nl\/","name":"Lisam Time","description":"","publisher":{"@id":"https:\/\/time.lisam.com\/nl\/#organization"},"potentialAction":[{"@type":"SearchAction","target":{"@type":"EntryPoint","urlTemplate":"https:\/\/time.lisam.com\/nl\/?s={search_term_string}"},"query-input":{"@type":"PropertyValueSpecification","valueRequired":true,"valueName":"search_term_string"}}],"inLanguage":"nl-NL"},{"@type":"Organization","@id":"https:\/\/time.lisam.com\/nl\/#organization","name":"Lisam One","url":"https:\/\/time.lisam.com\/nl\/","logo":{"@type":"ImageObject","inLanguage":"nl-NL","@id":"https:\/\/time.lisam.com\/nl\/#\/schema\/logo\/image\/","url":"https:\/\/time.lisam.com\/wp-content\/uploads\/2025\/07\/Lisam-TIme-Logo-Website.png","contentUrl":"https:\/\/time.lisam.com\/wp-content\/uploads\/2025\/07\/Lisam-TIme-Logo-Website.png","width":1979,"height":421,"caption":"Lisam One"},"image":{"@id":"https:\/\/time.lisam.com\/nl\/#\/schema\/logo\/image\/"}}]}},"_links":{"self":[{"href":"https:\/\/time.lisam.com\/nl\/wp-json\/wp\/v2\/pages\/4036","targetHints":{"allow":["GET"]}}],"collection":[{"href":"https:\/\/time.lisam.com\/nl\/wp-json\/wp\/v2\/pages"}],"about":[{"href":"https:\/\/time.lisam.com\/nl\/wp-json\/wp\/v2\/types\/page"}],"author":[{"embeddable":true,"href":"https:\/\/time.lisam.com\/nl\/wp-json\/wp\/v2\/users\/1"}],"replies":[{"embeddable":true,"href":"https:\/\/time.lisam.com\/nl\/wp-json\/wp\/v2\/comments?post=4036"}],"version-history":[{"count":2,"href":"https:\/\/time.lisam.com\/nl\/wp-json\/wp\/v2\/pages\/4036\/revisions"}],"predecessor-version":[{"id":4042,"href":"https:\/\/time.lisam.com\/nl\/wp-json\/wp\/v2\/pages\/4036\/revisions\/4042"}],"wp:attachment":[{"href":"https:\/\/time.lisam.com\/nl\/wp-json\/wp\/v2\/media?parent=4036"}],"curies":[{"name":"wp","href":"https:\/\/api.w.org\/{rel}","templated":true}]}}